{"id":448,"date":"2021-02-08T11:31:47","date_gmt":"2021-02-08T10:31:47","guid":{"rendered":"https:\/\/zebas-web.de\/zeb\/?page_id=448"},"modified":"2025-01-06T10:19:27","modified_gmt":"2025-01-06T09:19:27","slug":"gemeinsam-stark","status":"publish","type":"page","link":"https:\/\/zeb-online.de\/cms\/gemeinsam-stark\/","title":{"rendered":"Gemeinsam stark"},"content":{"rendered":"<p><div class=\"fusion-fullwidth fullwidth-box fusion-builder-row-1 fusion-flex-container nonhundred-percent-fullwidth non-hundred-percent-height-scrolling\" style=\"background-color: rgba(255,255,255,0);background-position: center center;background-repeat: no-repeat;border-width: 0px 0px 0px 0px;border-color:#e2e2e2;border-style:solid;\" ><div class=\"fusion-builder-row fusion-row fusion-flex-align-items-flex-start\" style=\"max-width:1248px;margin-left: calc(-4% \/ 2 );margin-right: calc(-4% \/ 2 );\"><div class=\"fusion-layout-column fusion_builder_column fusion-builder-column-0 fusion_builder_column_2_3 2_3 fusion-flex-column\"><div class=\"fusion-column-wrapper fusion-flex-justify-content-flex-start fusion-content-layout-column\" style=\"background-position:left top;background-repeat:no-repeat;-webkit-background-size:cover;-moz-background-size:cover;-o-background-size:cover;background-size:cover;padding: 0px 0px 0px 0px;\"><style type=\"text\/css\">@media only screen and (max-width:1024px) {.fusion-title.fusion-title-1{margin-top:10px!important; margin-right:0px!important;margin-bottom:15px!important;margin-left:0px!important;}}@media only screen and (max-width:640px) {.fusion-title.fusion-title-1{margin-top:10px!important; margin-right:0px!important;margin-bottom:10px!important; margin-left:0px!important;}}<\/style><div class=\"fusion-title title fusion-title-1 fusion-title-text fusion-title-size-two\" style=\"margin-top:10px;margin-right:0px;margin-bottom:15px;margin-left:0px;\"><div class=\"title-sep-container title-sep-container-left fusion-no-large-visibility fusion-no-medium-visibility fusion-no-small-visibility\"><div class=\"title-sep sep-single sep-solid\" style=\"border-color:#e2e2e2;\"><\/div><\/div><span class=\"awb-title-spacer fusion-no-large-visibility fusion-no-medium-visibility fusion-no-small-visibility\"><\/span><h2 class=\"title-heading-left\" style=\"margin:0;\">Gemeinsam stark sein!<\/h2><span class=\"awb-title-spacer\"><\/span><div class=\"title-sep-container title-sep-container-right\"><div class=\"title-sep sep-single sep-solid\" style=\"border-color:#e2e2e2;\"><\/div><\/div><\/div><div class=\"fusion-text fusion-text-1\"><p>Im ZEB sind heute vor allem mittelst\u00e4ndische Unternehmen aus dem Gro\u00df- und Einzelhandel vertreten. F\u00fcr diese H\u00e4ndler bietet der ZEB fachkompetente Beratung und Unterst\u00fctzung im Tagesgesch\u00e4ft, sowie bei der strategischen Ausrichtung. Der ZEB agiert im Hintergrund und stellt den Mehrwert f\u00fcr das Mitglied an erster Stelle. Unser Hauptziel ist es, den mittelst\u00e4ndischen H\u00e4ndler zu st\u00e4rken und seine Zukunft zu sichern. Der ZEB kennt die Bed\u00fcrfnisse seiner Mitglieder und die Anforderungen des Mittelstandes. F\u00fcr die Betreuung der Mitgliedsfirmen stehen erfahrene Mitarbeiter zur Verf\u00fcgung.\u00a0 Wir sehen uns als Ideengeber f\u00fcr den Baustoff-Fachh\u00e4ndler und den Baumarktbetreiber. Wir achten auf eine effiziente Kostenstruktur und richten unser Leistungsspektrum auf die Bed\u00fcrfnisse der H\u00e4ndler aus. Ein ZEB Mitglied profitiert von den gemeinschaftlichen Interessen und der B\u00fcndelung von Ums\u00e4tzen.<\/p>\n<p>Ein H\u00e4ndler hat die M\u00f6glichkeit, beim ZEB Gesellschafter oder Partnerh\u00e4ndler zu werden. Als Gesellschafter sind bestimmte Anforderungen wie z.B. die Umsatzgr\u00f6\u00dfe zu erf\u00fcllen. Welche Mitgliedschaft f\u00fcr einen H\u00e4ndler die Sinnvollste ist, wird in einem gemeinsamen Gespr\u00e4ch er\u00f6rtert. Einen Unterschied in der Betreuung oder in der Zurverf\u00fcgungstellung des Dienstleistungspaketes gibt es nicht<span style=\"text-decoration: line-through;\">.<\/span><\/p>\n<p>Der Erhalt der Selbstbestimmung des Mitglieds ist f\u00fcr uns selbstverst\u00e4ndlich und hier unterscheidet sich der ZEB von seinen Wettbewerbern.<\/p>\n<p>Die Verpflichtungen als Mitglied beim ZEB sind gegen\u00fcber anderen Verb\u00e4nden gering. So besteht z.B. keine Abrechnungspflicht und die Vertr\u00e4ge beinhalten keine Pflichten, die den Kernbereich der Mitglieder ber\u00fchren.<\/p>\n<p>Wenn Sie Interesse an einer Zusammenarbeit haben und mehr erfahren m\u00f6chten, rufen Sie uns unter der Telefonnummer 05252 1750-21 an oder Sie k\u00f6nnen direkt unsere Vertriebsmitarbeiter kontaktieren:<\/p>\n<\/div><\/div><style type=\"text\/css\">.fusion-body .fusion-builder-column-0{width:66.666666666667% !important;margin-top : 0px;margin-bottom : 20px;}.fusion-builder-column-0 > .fusion-column-wrapper {padding-top : 0px !important;padding-right : 0px !important;margin-right : 2.88%;padding-bottom : 0px !important;padding-left : 0px !important;margin-left : 2.88%;}@media only screen and (max-width:1024px) {.fusion-body .fusion-builder-column-0{width:66.666666666667% !important;order : 0;}.fusion-builder-column-0 > .fusion-column-wrapper {margin-right : 2.88%;margin-left : 2.88%;}}@media only screen and (max-width:640px) {.fusion-body .fusion-builder-column-0{width:100% !important;order : 0;}.fusion-builder-column-0 > .fusion-column-wrapper {margin-right : 1.92%;margin-left : 1.92%;}}<\/style><\/div><div class=\"fusion-layout-column fusion_builder_column fusion-builder-column-1 fusion_builder_column_1_3 1_3 fusion-flex-column\"><div class=\"fusion-column-wrapper fusion-flex-justify-content-flex-start fusion-content-layout-column\" style=\"background-position:left top;background-repeat:no-repeat;-webkit-background-size:cover;-moz-background-size:cover;-o-background-size:cover;background-size:cover;padding: 0px 0px 0px 0px;\"><div class=\"fusion-separator fusion-full-width-sep\" style=\"align-self: center;margin-left: auto;margin-right: auto;margin-top:15px;margin-bottom:15px;width:100%;\"><div class=\"fusion-separator-border sep-single sep-solid\" style=\"border-color:#e2e2e2;border-top-width:1px;\"><\/div><\/div><div class=\"fusion-person person fusion-person-left fusion-person-1 fusion-person-icon-top\"><div class=\"person-desc\"><div class=\"person-author\"><div class=\"person-author-wrapper\"><span class=\"person-name\">Karl-Josef Grosche<\/span><span class=\"person-title\"><\/span><\/div><\/div><div class=\"person-content fusion-clearfix\"><strong>Gesch\u00e4ftsf\u00fchrer\/Einzelhandel<\/strong><br \/>\nTel.: 05251 17 50 &#8211; 21<br \/>\nE-Mail: k.grosche@zeb-online.de<\/div><\/div><\/div><style type=\"text\/css\">.fusion-person-1 .boxed-icons .fusion-social-network-icon{border-top-width:0px !important;border-right-width:0px !important;border-bottom-width:0px !important;border-left-width:0px !important;border-color:var(--awb-color3) !important;}.fusion-person-1 .boxed-icons .fusion-social-network-icon:hover{background-color:rgba(242,243,245,0.8) !important;border-color:var(--awb-color4) !important;}.fusion-person-1 .fusion-social-network-icon:hover{color:rgba(158,160,164,0.8) !important;}.fusion-person-1{ margin-top : 0px;margin-right : 0px;margin-bottom : 0px;margin-left : 0px;}<\/style><div class=\"fusion-separator fusion-full-width-sep\" style=\"align-self: center;margin-left: auto;margin-right: auto;margin-top:20px;margin-bottom:20px;width:100%;\"><\/div><div class=\"fusion-person person fusion-person-left fusion-person-2 fusion-person-icon-top\"><div class=\"person-desc\"><div class=\"person-author\"><div class=\"person-author-wrapper\"><span class=\"person-name\">Alexander Haak<\/span><span class=\"person-title\"><\/span><\/div><\/div><div class=\"person-content fusion-clearfix\"><strong>Vertrieb Einzelhandel\/Fachmarkt<\/strong><br \/>\nTel.: 05251 17 50 &#8211; 653<br \/>\nMobil: 0170 48 55 610<br \/>\nE-Mail: a.haak@zeb-online.de<\/div><\/div><\/div><style type=\"text\/css\">.fusion-person-2 .boxed-icons .fusion-social-network-icon{border-top-width:0px !important;border-right-width:0px !important;border-bottom-width:0px !important;border-left-width:0px !important;border-color:var(--awb-color3) !important;}.fusion-person-2 .boxed-icons .fusion-social-network-icon:hover{background-color:rgba(242,243,245,0.8) !important;border-color:var(--awb-color4) !important;}.fusion-person-2 .fusion-social-network-icon:hover{color:rgba(158,160,164,0.8) !important;}.fusion-person-2{ margin-top : 0px;margin-right : 0px;margin-bottom : 0px;margin-left : 0px;}<\/style><\/div><style type=\"text\/css\">.fusion-body .fusion-builder-column-1{width:33.333333333333% !important;margin-top : 0px;margin-bottom : 20px;}.fusion-builder-column-1 > .fusion-column-wrapper {padding-top : 0px !important;padding-right : 0px !important;margin-right : 5.76%;padding-bottom : 0px !important;padding-left : 0px !important;margin-left : 5.76%;}@media only screen and (max-width:1024px) {.fusion-body .fusion-builder-column-1{width:33.333333333333% !important;order : 0;}.fusion-builder-column-1 > .fusion-column-wrapper {margin-right : 5.76%;margin-left : 5.76%;}}@media only screen and (max-width:640px) {.fusion-body .fusion-builder-column-1{width:100% !important;order : 0;}.fusion-builder-column-1 > .fusion-column-wrapper {margin-right : 1.92%;margin-left : 1.92%;}}<\/style><\/div><\/div><style type=\"text\/css\">.fusion-body .fusion-flex-container.fusion-builder-row-1{ padding-top : 0px;margin-top : 0px;padding-right : 0px;padding-bottom : 0px;margin-bottom : 0px;padding-left : 0px;}<\/style><\/div><div class=\"fusion-fullwidth fullwidth-box fusion-builder-row-2 fusion-flex-container nonhundred-percent-fullwidth non-hundred-percent-height-scrolling\" style=\"background-color: rgba(255,255,255,0);background-position: center center;background-repeat: no-repeat;border-width: 1px 0px 0px 0px;border-color:#efefef;border-style:solid;\" ><div class=\"fusion-builder-row fusion-row fusion-flex-align-items-flex-start\" style=\"max-width:1248px;margin-left: calc(-4% \/ 2 );margin-right: calc(-4% \/ 2 );\"><div class=\"fusion-layout-column fusion_builder_column fusion-builder-column-2 fusion_builder_column_1_3 1_3 fusion-flex-column\"><div class=\"fusion-column-wrapper fusion-flex-justify-content-flex-start fusion-content-layout-column\" style=\"background-position:left top;background-repeat:no-repeat;-webkit-background-size:cover;-moz-background-size:cover;-o-background-size:cover;background-size:cover;padding: 0px 0px 0px 0px;\"><style type=\"text\/css\">@media only screen and (max-width:1024px) {.fusion-title.fusion-title-2{margin-top:10px!important; margin-right:0px!important;margin-bottom:15px!important;margin-left:0px!important;}}@media only screen and (max-width:640px) {.fusion-title.fusion-title-2{margin-top:10px!important; margin-right:0px!important;margin-bottom:10px!important; margin-left:0px!important;}}<\/style><div class=\"fusion-title title fusion-title-2 fusion-sep-none fusion-title-text fusion-title-size-three\" style=\"margin-top:10px;margin-right:0px;margin-bottom:15px;margin-left:0px;\"><h3 class=\"title-heading-left\" style=\"margin:0;\">Unsere Industriepartner<\/h3><\/div><div ><style>.fusion-imageframe.imageframe-1{ margin-bottom : 15px;}<\/style><span class=\" fusion-imageframe imageframe-none imageframe-1 hover-type-none\"><a class=\"fusion-no-lightbox\" href=\"https:\/\/zeb-online.de\/cms\/industriepartner\/\" target=\"_self\" aria-label=\"industriepartner\"><img decoding=\"async\" width=\"400\" height=\"200\" src=\"https:\/\/zebas-web.de\/zeb\/wp-content\/uploads\/2021\/04\/zeb_industriepartner_400_200.jpg\" alt class=\"img-responsive wp-image-951\" srcset=\"https:\/\/zeb-online.de\/cms\/wp-content\/uploads\/2021\/04\/zeb_industriepartner_400_200-200x100.jpg 200w, https:\/\/zeb-online.de\/cms\/wp-content\/uploads\/2021\/04\/zeb_industriepartner_400_200.jpg 400w\" sizes=\"(max-width: 640px) 100vw, 400px\" \/><\/a><\/span><\/div><div class=\"fusion-text fusion-text-2\"><p>Sehr gute Marktpr\u00e4senz wird nicht zuletzt durch eine erfolgreiche Zusammenarbeit mit regional, \u00fcberregional oder gar weltweit t\u00e4tigen Lieferanten gelebt.<\/p>\n<p><a href=\"https:\/\/zeb-online.de\/cms\/industriepartner\/\">weiterlesen<\/a><\/p>\n<\/div><\/div><style type=\"text\/css\">.fusion-body .fusion-builder-column-2{width:33.333333333333% !important;margin-top : 0px;margin-bottom : 20px;}.fusion-builder-column-2 > .fusion-column-wrapper {padding-top : 0px !important;padding-right : 0px !important;margin-right : 5.76%;padding-bottom : 0px !important;padding-left : 0px !important;margin-left : 5.76%;}@media only screen and (max-width:1024px) {.fusion-body .fusion-builder-column-2{width:33.333333333333% !important;order : 0;}.fusion-builder-column-2 > .fusion-column-wrapper {margin-right : 5.76%;margin-left : 5.76%;}}@media only screen and (max-width:640px) {.fusion-body .fusion-builder-column-2{width:100% !important;order : 0;}.fusion-builder-column-2 > .fusion-column-wrapper {margin-right : 1.92%;margin-left : 1.92%;}}<\/style><\/div><div class=\"fusion-layout-column fusion_builder_column fusion-builder-column-3 fusion_builder_column_1_3 1_3 fusion-flex-column\"><div class=\"fusion-column-wrapper fusion-flex-justify-content-flex-start fusion-content-layout-column\" style=\"background-position:left top;background-repeat:no-repeat;-webkit-background-size:cover;-moz-background-size:cover;-o-background-size:cover;background-size:cover;padding: 0px 0px 0px 0px;\"><style type=\"text\/css\">@media only screen and (max-width:1024px) {.fusion-title.fusion-title-3{margin-top:10px!important; margin-right:0px!important;margin-bottom:15px!important;margin-left:0px!important;}}@media only screen and (max-width:640px) {.fusion-title.fusion-title-3{margin-top:10px!important; margin-right:0px!important;margin-bottom:10px!important; margin-left:0px!important;}}<\/style><div class=\"fusion-title title fusion-title-3 fusion-sep-none fusion-title-text fusion-title-size-three\" style=\"margin-top:10px;margin-right:0px;margin-bottom:15px;margin-left:0px;\"><h3 class=\"title-heading-left\" style=\"margin:0;\">Leistungen &amp; Service<\/h3><\/div><div ><style>.fusion-imageframe.imageframe-2{ margin-bottom : 15px;}<\/style><span class=\" fusion-imageframe imageframe-none imageframe-2 hover-type-none\"><a class=\"fusion-no-lightbox\" href=\"https:\/\/zeb-online.de\/cms\/leistungen\/\" target=\"_self\" aria-label=\"zeb_leistungen_service_400_200\"><img decoding=\"async\" width=\"400\" height=\"200\" src=\"https:\/\/zebas-web.de\/zeb\/wp-content\/uploads\/2021\/04\/zeb_leistungen_service_400_200.jpg\" alt class=\"img-responsive wp-image-944\" srcset=\"https:\/\/zeb-online.de\/cms\/wp-content\/uploads\/2021\/04\/zeb_leistungen_service_400_200-200x100.jpg 200w, https:\/\/zeb-online.de\/cms\/wp-content\/uploads\/2021\/04\/zeb_leistungen_service_400_200.jpg 400w\" sizes=\"(max-width: 640px) 100vw, 400px\" \/><\/a><\/span><\/div><div class=\"fusion-text fusion-text-3\"><p>Jedes Mitglied der ZEB-Kooperation kann auf ein umfangreiches Leistungsspektrum zur\u00fcckgreifen, welches von uns zur Verf\u00fcgung gestellt wird.<\/p>\n<p><a href=\"https:\/\/zeb-online.de\/cms\/leistungen\/\">weiterlesen<\/a><\/p>\n<\/div><\/div><style type=\"text\/css\">.fusion-body .fusion-builder-column-3{width:33.333333333333% !important;margin-top : 0px;margin-bottom : 20px;}.fusion-builder-column-3 > .fusion-column-wrapper {padding-top : 0px !important;padding-right : 0px !important;margin-right : 5.76%;padding-bottom : 0px !important;padding-left : 0px !important;margin-left : 5.76%;}@media only screen and (max-width:1024px) {.fusion-body .fusion-builder-column-3{width:33.333333333333% !important;order : 0;}.fusion-builder-column-3 > .fusion-column-wrapper {margin-right : 5.76%;margin-left : 5.76%;}}@media only screen and (max-width:640px) {.fusion-body .fusion-builder-column-3{width:100% !important;order : 0;}.fusion-builder-column-3 > .fusion-column-wrapper {margin-right : 1.92%;margin-left : 1.92%;}}<\/style><\/div><div class=\"fusion-layout-column fusion_builder_column fusion-builder-column-4 fusion_builder_column_1_3 1_3 fusion-flex-column\"><div class=\"fusion-column-wrapper fusion-flex-justify-content-flex-start fusion-content-layout-column\" style=\"background-position:left top;background-repeat:no-repeat;-webkit-background-size:cover;-moz-background-size:cover;-o-background-size:cover;background-size:cover;padding: 0px 0px 0px 0px;\"><style type=\"text\/css\">@media only screen and (max-width:1024px) {.fusion-title.fusion-title-4{margin-top:10px!important; margin-right:0px!important;margin-bottom:15px!important;margin-left:0px!important;}}@media only screen and (max-width:640px) {.fusion-title.fusion-title-4{margin-top:10px!important; margin-right:0px!important;margin-bottom:10px!important; margin-left:0px!important;}}<\/style><div class=\"fusion-title title fusion-title-4 fusion-sep-none fusion-title-text fusion-title-size-three\" style=\"margin-top:10px;margin-right:0px;margin-bottom:15px;margin-left:0px;\"><h3 class=\"title-heading-left\" style=\"margin:0;\">Firmenbereiche<\/h3><\/div><div ><style>.fusion-imageframe.imageframe-3{ margin-bottom : 15px;}<\/style><span class=\" fusion-imageframe imageframe-none imageframe-3 hover-type-none\"><a class=\"fusion-no-lightbox\" href=\"https:\/\/zeb-online.de\/cms\/firmenbereiche\/\" target=\"_self\" aria-label=\"DCIM100MEDIADJI_0873.JPG\"><img decoding=\"async\" width=\"400\" height=\"200\" src=\"https:\/\/zebas-web.de\/zeb\/wp-content\/uploads\/2021\/02\/zeb_pb_luftaufnahme_400_200.jpg\" alt class=\"img-responsive wp-image-564\" srcset=\"https:\/\/zeb-online.de\/cms\/wp-content\/uploads\/2021\/02\/zeb_pb_luftaufnahme_400_200-200x100.jpg 200w, https:\/\/zeb-online.de\/cms\/wp-content\/uploads\/2021\/02\/zeb_pb_luftaufnahme_400_200.jpg 400w\" sizes=\"(max-width: 640px) 100vw, 400px\" \/><\/a><\/span><\/div><div class=\"fusion-text fusion-text-4\"><p>Unser Sortiment umfasst den Baustoff-Fachhandel und den Einzelhandel. Zudem k\u00f6nnen Sie von unseren Zentrall\u00e4gern profitieren.<\/p>\n<p><a href=\"https:\/\/zeb-online.de\/cms\/firmenbereiche\/\">weiterlesen<\/a><\/p>\n<\/div><\/div><style type=\"text\/css\">.fusion-body .fusion-builder-column-4{width:33.333333333333% !important;margin-top : 0px;margin-bottom : 20px;}.fusion-builder-column-4 > .fusion-column-wrapper {padding-top : 0px !important;padding-right : 0px !important;margin-right : 5.76%;padding-bottom : 0px !important;padding-left : 0px !important;margin-left : 5.76%;}@media only screen and (max-width:1024px) {.fusion-body .fusion-builder-column-4{width:33.333333333333% !important;order : 0;}.fusion-builder-column-4 > .fusion-column-wrapper {margin-right : 5.76%;margin-left : 5.76%;}}@media only screen and (max-width:640px) {.fusion-body .fusion-builder-column-4{width:100% !important;order : 0;}.fusion-builder-column-4 > .fusion-column-wrapper {margin-right : 1.92%;margin-left : 1.92%;}}<\/style><\/div><\/div><style type=\"text\/css\">.fusion-body .fusion-flex-container.fusion-builder-row-2{ padding-top : 20px;margin-top : 30px;padding-right : 0px;padding-bottom : 20px;margin-bottom : 0px;padding-left : 0px;}<\/style><\/div><\/p>\n","protected":false},"excerpt":{"rendered":"","protected":false},"author":7,"featured_media":0,"parent":0,"menu_order":0,"comment_status":"closed","ping_status":"closed","template":"100-width.php","meta":{"footnotes":""},"class_list":["post-448","page","type-page","status-publish","hentry"],"yoast_head":"<!-- This site is optimized with the Yoast SEO plugin v27.4 - https:\/\/yoast.com\/product\/yoast-seo-wordpress\/ -->\r\n<title>Gemeinsam stark &#8211; Zentraleinkauf Baubedarf GmbH &amp; Co. KG<\/title>\r\n<meta name=\"robots\" content=\"index, follow, max-snippet:-1, max-image-preview:large, max-video-preview:-1\" \/>\r\n<link rel=\"canonical\" href=\"https:\/\/zeb-online.de\/cms\/gemeinsam-stark\/\" \/>\r\n<meta property=\"og:locale\" content=\"de_DE\" \/>\r\n<meta property=\"og:type\" content=\"article\" \/>\r\n<meta property=\"og:title\" content=\"Gemeinsam stark &#8211; Zentraleinkauf Baubedarf GmbH &amp; Co. KG\" \/>\r\n<meta property=\"og:url\" content=\"https:\/\/zeb-online.de\/cms\/gemeinsam-stark\/\" \/>\r\n<meta property=\"og:site_name\" content=\"Zentraleinkauf Baubedarf GmbH &amp; Co. KG\" \/>\r\n<meta property=\"article:modified_time\" content=\"2025-01-06T09:19:27+00:00\" \/>\r\n<meta name=\"twitter:card\" content=\"summary_large_image\" \/>\r\n<meta name=\"twitter:label1\" content=\"Gesch\u00e4tzte Lesezeit\" \/>\n\t<meta name=\"twitter:data1\" content=\"10\u00a0Minuten\" \/>\r\n<script type=\"application\/ld+json\" class=\"yoast-schema-graph\">{\"@context\":\"https:\\\/\\\/schema.org\",\"@graph\":[{\"@type\":\"WebPage\",\"@id\":\"https:\\\/\\\/zeb-online.de\\\/cms\\\/gemeinsam-stark\\\/\",\"url\":\"https:\\\/\\\/zeb-online.de\\\/cms\\\/gemeinsam-stark\\\/\",\"name\":\"Gemeinsam stark &#8211; Zentraleinkauf Baubedarf GmbH &amp; Co. KG\",\"isPartOf\":{\"@id\":\"https:\\\/\\\/zeb-online.de\\\/cms\\\/#website\"},\"datePublished\":\"2021-02-08T10:31:47+00:00\",\"dateModified\":\"2025-01-06T09:19:27+00:00\",\"breadcrumb\":{\"@id\":\"https:\\\/\\\/zeb-online.de\\\/cms\\\/gemeinsam-stark\\\/#breadcrumb\"},\"inLanguage\":\"de\",\"potentialAction\":[{\"@type\":\"ReadAction\",\"target\":[\"https:\\\/\\\/zeb-online.de\\\/cms\\\/gemeinsam-stark\\\/\"]}]},{\"@type\":\"BreadcrumbList\",\"@id\":\"https:\\\/\\\/zeb-online.de\\\/cms\\\/gemeinsam-stark\\\/#breadcrumb\",\"itemListElement\":[{\"@type\":\"ListItem\",\"position\":1,\"name\":\"Startseite\",\"item\":\"https:\\\/\\\/zeb-online.de\\\/cms\\\/\"},{\"@type\":\"ListItem\",\"position\":2,\"name\":\"Gemeinsam stark\"}]},{\"@type\":\"WebSite\",\"@id\":\"https:\\\/\\\/zeb-online.de\\\/cms\\\/#website\",\"url\":\"https:\\\/\\\/zeb-online.de\\\/cms\\\/\",\"name\":\"Zentraleinkauf Baubedarf GmbH &amp; Co. KG\",\"description\":\"Die Kooperation f\u00fcr mittelst\u00e4ndische Baustoffh\u00e4ndler und Baumarktbetreiber.\",\"publisher\":{\"@id\":\"https:\\\/\\\/zeb-online.de\\\/cms\\\/#organization\"},\"potentialAction\":[{\"@type\":\"SearchAction\",\"target\":{\"@type\":\"EntryPoint\",\"urlTemplate\":\"https:\\\/\\\/zeb-online.de\\\/cms\\\/?s={search_term_string}\"},\"query-input\":{\"@type\":\"PropertyValueSpecification\",\"valueRequired\":true,\"valueName\":\"search_term_string\"}}],\"inLanguage\":\"de\"},{\"@type\":\"Organization\",\"@id\":\"https:\\\/\\\/zeb-online.de\\\/cms\\\/#organization\",\"name\":\"Zentraleinkauf Baubedarf GmbH & Co. KG\",\"url\":\"https:\\\/\\\/zeb-online.de\\\/cms\\\/\",\"logo\":{\"@type\":\"ImageObject\",\"inLanguage\":\"de\",\"@id\":\"https:\\\/\\\/zeb-online.de\\\/cms\\\/#\\\/schema\\\/logo\\\/image\\\/\",\"url\":\"https:\\\/\\\/zeb-online.de\\\/cms\\\/wp-content\\\/uploads\\\/2021\\\/07\\\/zeb_logo_152152.png\",\"contentUrl\":\"https:\\\/\\\/zeb-online.de\\\/cms\\\/wp-content\\\/uploads\\\/2021\\\/07\\\/zeb_logo_152152.png\",\"width\":152,\"height\":152,\"caption\":\"Zentraleinkauf Baubedarf GmbH & Co. KG\"},\"image\":{\"@id\":\"https:\\\/\\\/zeb-online.de\\\/cms\\\/#\\\/schema\\\/logo\\\/image\\\/\"},\"sameAs\":[\"https:\\\/\\\/www.instagram.com\\\/zeb_zentraleinkauf_baubedarf\\\/\"]}]}<\/script>\r\n<!-- \/ Yoast SEO plugin. -->","yoast_head_json":{"title":"Gemeinsam stark &#8211; Zentraleinkauf Baubedarf GmbH &amp; Co. KG","robots":{"index":"index","follow":"follow","max-snippet":"max-snippet:-1","max-image-preview":"max-image-preview:large","max-video-preview":"max-video-preview:-1"},"canonical":"https:\/\/zeb-online.de\/cms\/gemeinsam-stark\/","og_locale":"de_DE","og_type":"article","og_title":"Gemeinsam stark &#8211; Zentraleinkauf Baubedarf GmbH &amp; Co. KG","og_url":"https:\/\/zeb-online.de\/cms\/gemeinsam-stark\/","og_site_name":"Zentraleinkauf Baubedarf GmbH &amp; Co. KG","article_modified_time":"2025-01-06T09:19:27+00:00","twitter_card":"summary_large_image","twitter_misc":{"Gesch\u00e4tzte Lesezeit":"10\u00a0Minuten"},"schema":{"@context":"https:\/\/schema.org","@graph":[{"@type":"WebPage","@id":"https:\/\/zeb-online.de\/cms\/gemeinsam-stark\/","url":"https:\/\/zeb-online.de\/cms\/gemeinsam-stark\/","name":"Gemeinsam stark &#8211; Zentraleinkauf Baubedarf GmbH &amp; Co. KG","isPartOf":{"@id":"https:\/\/zeb-online.de\/cms\/#website"},"datePublished":"2021-02-08T10:31:47+00:00","dateModified":"2025-01-06T09:19:27+00:00","breadcrumb":{"@id":"https:\/\/zeb-online.de\/cms\/gemeinsam-stark\/#breadcrumb"},"inLanguage":"de","potentialAction":[{"@type":"ReadAction","target":["https:\/\/zeb-online.de\/cms\/gemeinsam-stark\/"]}]},{"@type":"BreadcrumbList","@id":"https:\/\/zeb-online.de\/cms\/gemeinsam-stark\/#breadcrumb","itemListElement":[{"@type":"ListItem","position":1,"name":"Startseite","item":"https:\/\/zeb-online.de\/cms\/"},{"@type":"ListItem","position":2,"name":"Gemeinsam stark"}]},{"@type":"WebSite","@id":"https:\/\/zeb-online.de\/cms\/#website","url":"https:\/\/zeb-online.de\/cms\/","name":"Zentraleinkauf Baubedarf GmbH &amp; Co. KG","description":"Die Kooperation f\u00fcr mittelst\u00e4ndische Baustoffh\u00e4ndler und Baumarktbetreiber.","publisher":{"@id":"https:\/\/zeb-online.de\/cms\/#organization"},"potentialAction":[{"@type":"SearchAction","target":{"@type":"EntryPoint","urlTemplate":"https:\/\/zeb-online.de\/cms\/?s={search_term_string}"},"query-input":{"@type":"PropertyValueSpecification","valueRequired":true,"valueName":"search_term_string"}}],"inLanguage":"de"},{"@type":"Organization","@id":"https:\/\/zeb-online.de\/cms\/#organization","name":"Zentraleinkauf Baubedarf GmbH & Co. KG","url":"https:\/\/zeb-online.de\/cms\/","logo":{"@type":"ImageObject","inLanguage":"de","@id":"https:\/\/zeb-online.de\/cms\/#\/schema\/logo\/image\/","url":"https:\/\/zeb-online.de\/cms\/wp-content\/uploads\/2021\/07\/zeb_logo_152152.png","contentUrl":"https:\/\/zeb-online.de\/cms\/wp-content\/uploads\/2021\/07\/zeb_logo_152152.png","width":152,"height":152,"caption":"Zentraleinkauf Baubedarf GmbH & Co. KG"},"image":{"@id":"https:\/\/zeb-online.de\/cms\/#\/schema\/logo\/image\/"},"sameAs":["https:\/\/www.instagram.com\/zeb_zentraleinkauf_baubedarf\/"]}]}},"_links":{"self":[{"href":"https:\/\/zeb-online.de\/cms\/wp-json\/wp\/v2\/pages\/448","targetHints":{"allow":["GET"]}}],"collection":[{"href":"https:\/\/zeb-online.de\/cms\/wp-json\/wp\/v2\/pages"}],"about":[{"href":"https:\/\/zeb-online.de\/cms\/wp-json\/wp\/v2\/types\/page"}],"author":[{"embeddable":true,"href":"https:\/\/zeb-online.de\/cms\/wp-json\/wp\/v2\/users\/7"}],"replies":[{"embeddable":true,"href":"https:\/\/zeb-online.de\/cms\/wp-json\/wp\/v2\/comments?post=448"}],"version-history":[{"count":5,"href":"https:\/\/zeb-online.de\/cms\/wp-json\/wp\/v2\/pages\/448\/revisions"}],"predecessor-version":[{"id":1869,"href":"https:\/\/zeb-online.de\/cms\/wp-json\/wp\/v2\/pages\/448\/revisions\/1869"}],"wp:attachment":[{"href":"https:\/\/zeb-online.de\/cms\/wp-json\/wp\/v2\/media?parent=448"}],"curies":[{"name":"wp","href":"https:\/\/api.w.org\/{rel}","templated":true}]}}